{"id":61,"date":"2023-07-25T03:57:27","date_gmt":"2023-07-25T03:57:27","guid":{"rendered":"https:\/\/www.ornament-be.cz\/?page_id=61"},"modified":"2023-07-25T12:34:08","modified_gmt":"2023-07-25T12:34:08","slug":"vyroba-ornamentu","status":"publish","type":"page","link":"https:\/\/www.ornament-be.cz\/","title":{"rendered":"V\u00fdroba ornament\u016f"},"content":{"rendered":"<div id='gallery-1' class='gallery galleryid-61 gallery-columns-3 gallery-size-thumbnail'><figure class='gallery-item'>\n\t\t\t<div class='gallery-icon landscape'>\n\t\t\t\t<a href='https:\/\/www.ornament-be.cz\/cropped-110-1107972_floral-ornament-png-blue-ornaments-png-1-png\/'><img loading=\"lazy\" decoding=\"async\" width=\"150\" height=\"150\" src=\"https:\/\/www.ornament-be.cz\/wp-content\/uploads\/2023\/07\/cropped-110-1107972_floral-ornament-png-blue-ornaments-png-1-150x150.png\" class=\"attachment-thumbnail size-thumbnail\" alt=\"\" srcset=\"https:\/\/www.ornament-be.cz\/wp-content\/uploads\/2023\/07\/cropped-110-1107972_floral-ornament-png-blue-ornaments-png-1-150x150.png 150w, https:\/\/www.ornament-be.cz\/wp-content\/uploads\/2023\/07\/cropped-110-1107972_floral-ornament-png-blue-ornaments-png-1-300x300.png 300w, https:\/\/www.ornament-be.cz\/wp-content\/uploads\/2023\/07\/cropped-110-1107972_floral-ornament-png-blue-ornaments-png-1-100x100.png 100w, https:\/\/www.ornament-be.cz\/wp-content\/uploads\/2023\/07\/cropped-110-1107972_floral-ornament-png-blue-ornaments-png-1-250x250.png 250w, https:\/\/www.ornament-be.cz\/wp-content\/uploads\/2023\/07\/cropped-110-1107972_floral-ornament-png-blue-ornaments-png-1-350x350.png 350w, https:\/\/www.ornament-be.cz\/wp-content\/uploads\/2023\/07\/cropped-110-1107972_floral-ornament-png-blue-ornaments-png-1-270x270.png 270w, https:\/\/www.ornament-be.cz\/wp-content\/uploads\/2023\/07\/cropped-110-1107972_floral-ornament-png-blue-ornaments-png-1-192x192.png 192w, https:\/\/www.ornament-be.cz\/wp-content\/uploads\/2023\/07\/cropped-110-1107972_floral-ornament-png-blue-ornaments-png-1-180x180.png 180w, https:\/\/www.ornament-be.cz\/wp-content\/uploads\/2023\/07\/cropped-110-1107972_floral-ornament-png-blue-ornaments-png-1-32x32.png 32w, https:\/\/www.ornament-be.cz\/wp-content\/uploads\/2023\/07\/cropped-110-1107972_floral-ornament-png-blue-ornaments-png-1.png 512w\" sizes=\"auto, 100vw\" \/><\/a>\n\t\t\t<\/div><\/figure><figure class='gallery-item'>\n\t\t\t<div class='gallery-icon landscape'>\n\t\t\t\t<a href='https:\/\/www.ornament-be.cz\/index.php\/mapa\/mapa-2\/'><img loading=\"lazy\" decoding=\"async\" width=\"150\" height=\"150\" src=\"https:\/\/www.ornament-be.cz\/wp-content\/uploads\/2023\/07\/mapa-150x150.jpg\" class=\"attachment-thumbnail size-thumbnail\" alt=\"\" srcset=\"https:\/\/www.ornament-be.cz\/wp-content\/uploads\/2023\/07\/mapa-150x150.jpg 150w, https:\/\/www.ornament-be.cz\/wp-content\/uploads\/2023\/07\/mapa-100x100.jpg 100w, https:\/\/www.ornament-be.cz\/wp-content\/uploads\/2023\/07\/mapa-250x250.jpg 250w\" sizes=\"auto, 100vw\" \/><\/a>\n\t\t\t<\/div><\/figure>\n\t\t<\/div>\n\n","protected":false},"excerpt":{"rendered":"","protected":false},"author":1,"featured_media":0,"parent":0,"menu_order":0,"comment_status":"closed","ping_status":"closed","template":"","meta":{"footnotes":""},"class_list":["post-61","page","type-page","status-publish","hentry"],"yoast_head":"<!-- This site is optimized with the Yoast SEO plugin v26.0 - https:\/\/yoast.com\/wordpress\/plugins\/seo\/ -->\n<title>V\u00fdroba ornament\u016f - Tvorba ornament\u016f<\/title>\n<meta name=\"robots\" content=\"index, follow, max-snippet:-1, max-image-preview:large, max-video-preview:-1\" \/>\n<link rel=\"canonical\" href=\"https:\/\/www.ornament-be.cz\/\" \/>\n<meta property=\"og:locale\" content=\"cs_CZ\" \/>\n<meta property=\"og:type\" content=\"article\" \/>\n<meta property=\"og:title\" content=\"V\u00fdroba ornament\u016f - Tvorba ornament\u016f\" \/>\n<meta property=\"og:url\" content=\"https:\/\/www.ornament-be.cz\/\" \/>\n<meta property=\"og:site_name\" content=\"Tvorba ornament\u016f\" \/>\n<meta property=\"article:modified_time\" content=\"2023-07-25T12:34:08+00:00\" \/>\n<meta property=\"og:image\" content=\"https:\/\/www.ornament-be.cz\/wp-content\/uploads\/2023\/07\/cropped-110-1107972_floral-ornament-png-blue-ornaments-png-1-150x150.png\" \/>\n<meta name=\"twitter:card\" content=\"summary_large_image\" \/>\n<script type=\"application\/ld+json\" class=\"yoast-schema-graph\">{\"@context\":\"https:\/\/schema.org\",\"@graph\":[{\"@type\":\"WebPage\",\"@id\":\"https:\/\/www.ornament-be.cz\/\",\"url\":\"https:\/\/www.ornament-be.cz\/\",\"name\":\"V\u00fdroba ornament\u016f - Tvorba ornament\u016f\",\"isPartOf\":{\"@id\":\"https:\/\/www.ornament-be.cz\/#website\"},\"datePublished\":\"2023-07-25T03:57:27+00:00\",\"dateModified\":\"2023-07-25T12:34:08+00:00\",\"breadcrumb\":{\"@id\":\"https:\/\/www.ornament-be.cz\/#breadcrumb\"},\"inLanguage\":\"cs\",\"potentialAction\":[{\"@type\":\"ReadAction\",\"target\":[\"https:\/\/www.ornament-be.cz\/\"]}]},{\"@type\":\"BreadcrumbList\",\"@id\":\"https:\/\/www.ornament-be.cz\/#breadcrumb\",\"itemListElement\":[{\"@type\":\"ListItem\",\"position\":1,\"name\":\"Dom\u016f\",\"item\":\"https:\/\/www.ornament-be.cz\/\"},{\"@type\":\"ListItem\",\"position\":2,\"name\":\"V\u00fdroba ornament\u016f\"}]},{\"@type\":\"WebSite\",\"@id\":\"https:\/\/www.ornament-be.cz\/#website\",\"url\":\"https:\/\/www.ornament-be.cz\/\",\"name\":\"Tvorba ornament\u016f\",\"description\":\"nev\u00e1hejte n\u00e1s kontaktovat\",\"publisher\":{\"@id\":\"https:\/\/www.ornament-be.cz\/#organization\"},\"potentialAction\":[{\"@type\":\"SearchAction\",\"target\":{\"@type\":\"EntryPoint\",\"urlTemplate\":\"https:\/\/www.ornament-be.cz\/?s={search_term_string}\"},\"query-input\":{\"@type\":\"PropertyValueSpecification\",\"valueRequired\":true,\"valueName\":\"search_term_string\"}}],\"inLanguage\":\"cs\"},{\"@type\":\"Organization\",\"@id\":\"https:\/\/www.ornament-be.cz\/#organization\",\"name\":\"Tvorba ornament\u016f\",\"url\":\"https:\/\/www.ornament-be.cz\/\",\"logo\":{\"@type\":\"ImageObject\",\"inLanguage\":\"cs\",\"@id\":\"https:\/\/www.ornament-be.cz\/#\/schema\/logo\/image\/\",\"url\":\"https:\/\/www.ornament-be.cz\/wp-content\/uploads\/2023\/07\/cropped-110-1107972_floral-ornament-png-blue-ornaments-png.png\",\"contentUrl\":\"https:\/\/www.ornament-be.cz\/wp-content\/uploads\/2023\/07\/cropped-110-1107972_floral-ornament-png-blue-ornaments-png.png\",\"width\":250,\"height\":250,\"caption\":\"Tvorba ornament\u016f\"},\"image\":{\"@id\":\"https:\/\/www.ornament-be.cz\/#\/schema\/logo\/image\/\"}}]}<\/script>\n<!-- \/ Yoast SEO plugin. -->","yoast_head_json":{"title":"V\u00fdroba ornament\u016f - Tvorba ornament\u016f","robots":{"index":"index","follow":"follow","max-snippet":"max-snippet:-1","max-image-preview":"max-image-preview:large","max-video-preview":"max-video-preview:-1"},"canonical":"https:\/\/www.ornament-be.cz\/","og_locale":"cs_CZ","og_type":"article","og_title":"V\u00fdroba ornament\u016f - Tvorba ornament\u016f","og_url":"https:\/\/www.ornament-be.cz\/","og_site_name":"Tvorba ornament\u016f","article_modified_time":"2023-07-25T12:34:08+00:00","og_image":[{"url":"https:\/\/www.ornament-be.cz\/wp-content\/uploads\/2023\/07\/cropped-110-1107972_floral-ornament-png-blue-ornaments-png-1-150x150.png","type":"","width":"","height":""}],"twitter_card":"summary_large_image","schema":{"@context":"https:\/\/schema.org","@graph":[{"@type":"WebPage","@id":"https:\/\/www.ornament-be.cz\/","url":"https:\/\/www.ornament-be.cz\/","name":"V\u00fdroba ornament\u016f - Tvorba ornament\u016f","isPartOf":{"@id":"https:\/\/www.ornament-be.cz\/#website"},"datePublished":"2023-07-25T03:57:27+00:00","dateModified":"2023-07-25T12:34:08+00:00","breadcrumb":{"@id":"https:\/\/www.ornament-be.cz\/#breadcrumb"},"inLanguage":"cs","potentialAction":[{"@type":"ReadAction","target":["https:\/\/www.ornament-be.cz\/"]}]},{"@type":"BreadcrumbList","@id":"https:\/\/www.ornament-be.cz\/#breadcrumb","itemListElement":[{"@type":"ListItem","position":1,"name":"Dom\u016f","item":"https:\/\/www.ornament-be.cz\/"},{"@type":"ListItem","position":2,"name":"V\u00fdroba ornament\u016f"}]},{"@type":"WebSite","@id":"https:\/\/www.ornament-be.cz\/#website","url":"https:\/\/www.ornament-be.cz\/","name":"Tvorba ornament\u016f","description":"nev\u00e1hejte n\u00e1s kontaktovat","publisher":{"@id":"https:\/\/www.ornament-be.cz\/#organization"},"potentialAction":[{"@type":"SearchAction","target":{"@type":"EntryPoint","urlTemplate":"https:\/\/www.ornament-be.cz\/?s={search_term_string}"},"query-input":{"@type":"PropertyValueSpecification","valueRequired":true,"valueName":"search_term_string"}}],"inLanguage":"cs"},{"@type":"Organization","@id":"https:\/\/www.ornament-be.cz\/#organization","name":"Tvorba ornament\u016f","url":"https:\/\/www.ornament-be.cz\/","logo":{"@type":"ImageObject","inLanguage":"cs","@id":"https:\/\/www.ornament-be.cz\/#\/schema\/logo\/image\/","url":"https:\/\/www.ornament-be.cz\/wp-content\/uploads\/2023\/07\/cropped-110-1107972_floral-ornament-png-blue-ornaments-png.png","contentUrl":"https:\/\/www.ornament-be.cz\/wp-content\/uploads\/2023\/07\/cropped-110-1107972_floral-ornament-png-blue-ornaments-png.png","width":250,"height":250,"caption":"Tvorba ornament\u016f"},"image":{"@id":"https:\/\/www.ornament-be.cz\/#\/schema\/logo\/image\/"}}]}},"jetpack_sharing_enabled":true,"_links":{"self":[{"href":"https:\/\/www.ornament-be.cz\/index.php\/wp-json\/wp\/v2\/pages\/61","targetHints":{"allow":["GET"]}}],"collection":[{"href":"https:\/\/www.ornament-be.cz\/index.php\/wp-json\/wp\/v2\/pages"}],"about":[{"href":"https:\/\/www.ornament-be.cz\/index.php\/wp-json\/wp\/v2\/types\/page"}],"author":[{"embeddable":true,"href":"https:\/\/www.ornament-be.cz\/index.php\/wp-json\/wp\/v2\/users\/1"}],"replies":[{"embeddable":true,"href":"https:\/\/www.ornament-be.cz\/index.php\/wp-json\/wp\/v2\/comments?post=61"}],"version-history":[{"count":3,"href":"https:\/\/www.ornament-be.cz\/index.php\/wp-json\/wp\/v2\/pages\/61\/revisions"}],"predecessor-version":[{"id":74,"href":"https:\/\/www.ornament-be.cz\/index.php\/wp-json\/wp\/v2\/pages\/61\/revisions\/74"}],"wp:attachment":[{"href":"https:\/\/www.ornament-be.cz\/index.php\/wp-json\/wp\/v2\/media?parent=61"}],"curies":[{"name":"wp","href":"https:\/\/api.w.org\/{rel}","templated":true}]}}