{"id":11,"date":"2023-07-24T16:51:13","date_gmt":"2023-07-24T16:51:13","guid":{"rendered":"https:\/\/www.ornament-be.cz\/?page_id=11"},"modified":"2023-07-25T04:06:24","modified_gmt":"2023-07-25T04:06:24","slug":"kontakty","status":"publish","type":"page","link":"https:\/\/www.ornament-be.cz\/index.php\/kontakty\/","title":{"rendered":"Kontaktn\u00ed informace"},"content":{"rendered":"<p>Nikola Mo\u0161nov\u00e1<br \/>\nTel: +420 734 160 075<br \/>\nE-mail: info@ornament-be.cz<\/p>\n<p>S\u00eddlo: Svatopluka \u010cecha 55, Jablonec nad Nisou<br \/>\nI\u010cO: 19440898<\/p>\n","protected":false},"excerpt":{"rendered":"<p>Nikola Mo\u0161nov\u00e1 Tel: +420 734 160 075 E-mail: info@ornament-be.cz S\u00eddlo: Svatopluka \u010cecha 55, Jablonec nad Nisou I\u010cO: 19440898<\/p>\n","protected":false},"author":1,"featured_media":70,"parent":0,"menu_order":0,"comment_status":"closed","ping_status":"closed","template":"","meta":{"footnotes":""},"class_list":["post-11","page","type-page","status-publish","has-post-thumbnail","hentry"],"yoast_head":"<!-- This site is optimized with the Yoast SEO plugin v26.0 - https:\/\/yoast.com\/wordpress\/plugins\/seo\/ -->\n<title>Kontaktn\u00ed informace - Tvorba ornament\u016f<\/title>\n<meta name=\"robots\" content=\"index, follow, max-snippet:-1, max-image-preview:large, max-video-preview:-1\" \/>\n<link rel=\"canonical\" href=\"https:\/\/www.ornament-be.cz\/index.php\/kontakty\/\" \/>\n<meta property=\"og:locale\" content=\"cs_CZ\" \/>\n<meta property=\"og:type\" content=\"article\" \/>\n<meta property=\"og:title\" content=\"Kontaktn\u00ed informace - Tvorba ornament\u016f\" \/>\n<meta property=\"og:description\" content=\"Nikola Mo\u0161nov\u00e1 Tel: +420 734 160 075 E-mail: info@ornament-be.cz S\u00eddlo: Svatopluka \u010cecha 55, Jablonec nad Nisou I\u010cO: 19440898\" \/>\n<meta property=\"og:url\" content=\"https:\/\/www.ornament-be.cz\/index.php\/kontakty\/\" \/>\n<meta property=\"og:site_name\" content=\"Tvorba ornament\u016f\" \/>\n<meta property=\"article:modified_time\" content=\"2023-07-25T04:06:24+00:00\" \/>\n<meta property=\"og:image\" content=\"https:\/\/www.ornament-be.cz\/wp-content\/uploads\/2023\/07\/mapa.jpg\" \/>\n\t<meta property=\"og:image:width\" content=\"2176\" \/>\n\t<meta property=\"og:image:height\" content=\"885\" \/>\n\t<meta property=\"og:image:type\" content=\"image\/jpeg\" \/>\n<meta name=\"twitter:card\" content=\"summary_large_image\" \/>\n<script type=\"application\/ld+json\" class=\"yoast-schema-graph\">{\"@context\":\"https:\/\/schema.org\",\"@graph\":[{\"@type\":\"WebPage\",\"@id\":\"https:\/\/www.ornament-be.cz\/index.php\/kontakty\/\",\"url\":\"https:\/\/www.ornament-be.cz\/index.php\/kontakty\/\",\"name\":\"Kontaktn\u00ed informace - Tvorba ornament\u016f\",\"isPartOf\":{\"@id\":\"https:\/\/www.ornament-be.cz\/#website\"},\"primaryImageOfPage\":{\"@id\":\"https:\/\/www.ornament-be.cz\/index.php\/kontakty\/#primaryimage\"},\"image\":{\"@id\":\"https:\/\/www.ornament-be.cz\/index.php\/kontakty\/#primaryimage\"},\"thumbnailUrl\":\"https:\/\/www.ornament-be.cz\/wp-content\/uploads\/2023\/07\/mapa.jpg\",\"datePublished\":\"2023-07-24T16:51:13+00:00\",\"dateModified\":\"2023-07-25T04:06:24+00:00\",\"breadcrumb\":{\"@id\":\"https:\/\/www.ornament-be.cz\/index.php\/kontakty\/#breadcrumb\"},\"inLanguage\":\"cs\",\"potentialAction\":[{\"@type\":\"ReadAction\",\"target\":[\"https:\/\/www.ornament-be.cz\/index.php\/kontakty\/\"]}]},{\"@type\":\"ImageObject\",\"inLanguage\":\"cs\",\"@id\":\"https:\/\/www.ornament-be.cz\/index.php\/kontakty\/#primaryimage\",\"url\":\"https:\/\/www.ornament-be.cz\/wp-content\/uploads\/2023\/07\/mapa.jpg\",\"contentUrl\":\"https:\/\/www.ornament-be.cz\/wp-content\/uploads\/2023\/07\/mapa.jpg\",\"width\":2176,\"height\":885},{\"@type\":\"BreadcrumbList\",\"@id\":\"https:\/\/www.ornament-be.cz\/index.php\/kontakty\/#breadcrumb\",\"itemListElement\":[{\"@type\":\"ListItem\",\"position\":1,\"name\":\"Dom\u016f\",\"item\":\"https:\/\/www.ornament-be.cz\/\"},{\"@type\":\"ListItem\",\"position\":2,\"name\":\"Kontaktn\u00ed informace\"}]},{\"@type\":\"WebSite\",\"@id\":\"https:\/\/www.ornament-be.cz\/#website\",\"url\":\"https:\/\/www.ornament-be.cz\/\",\"name\":\"Tvorba ornament\u016f\",\"description\":\"nev\u00e1hejte n\u00e1s kontaktovat\",\"publisher\":{\"@id\":\"https:\/\/www.ornament-be.cz\/#organization\"},\"potentialAction\":[{\"@type\":\"SearchAction\",\"target\":{\"@type\":\"EntryPoint\",\"urlTemplate\":\"https:\/\/www.ornament-be.cz\/?s={search_term_string}\"},\"query-input\":{\"@type\":\"PropertyValueSpecification\",\"valueRequired\":true,\"valueName\":\"search_term_string\"}}],\"inLanguage\":\"cs\"},{\"@type\":\"Organization\",\"@id\":\"https:\/\/www.ornament-be.cz\/#organization\",\"name\":\"Tvorba ornament\u016f\",\"url\":\"https:\/\/www.ornament-be.cz\/\",\"logo\":{\"@type\":\"ImageObject\",\"inLanguage\":\"cs\",\"@id\":\"https:\/\/www.ornament-be.cz\/#\/schema\/logo\/image\/\",\"url\":\"https:\/\/www.ornament-be.cz\/wp-content\/uploads\/2023\/07\/cropped-110-1107972_floral-ornament-png-blue-ornaments-png.png\",\"contentUrl\":\"https:\/\/www.ornament-be.cz\/wp-content\/uploads\/2023\/07\/cropped-110-1107972_floral-ornament-png-blue-ornaments-png.png\",\"width\":250,\"height\":250,\"caption\":\"Tvorba ornament\u016f\"},\"image\":{\"@id\":\"https:\/\/www.ornament-be.cz\/#\/schema\/logo\/image\/\"}}]}<\/script>\n<!-- \/ Yoast SEO plugin. -->","yoast_head_json":{"title":"Kontaktn\u00ed informace - Tvorba ornament\u016f","robots":{"index":"index","follow":"follow","max-snippet":"max-snippet:-1","max-image-preview":"max-image-preview:large","max-video-preview":"max-video-preview:-1"},"canonical":"https:\/\/www.ornament-be.cz\/index.php\/kontakty\/","og_locale":"cs_CZ","og_type":"article","og_title":"Kontaktn\u00ed informace - Tvorba ornament\u016f","og_description":"Nikola Mo\u0161nov\u00e1 Tel: +420 734 160 075 E-mail: info@ornament-be.cz S\u00eddlo: Svatopluka \u010cecha 55, Jablonec nad Nisou I\u010cO: 19440898","og_url":"https:\/\/www.ornament-be.cz\/index.php\/kontakty\/","og_site_name":"Tvorba ornament\u016f","article_modified_time":"2023-07-25T04:06:24+00:00","og_image":[{"width":2176,"height":885,"url":"https:\/\/www.ornament-be.cz\/wp-content\/uploads\/2023\/07\/mapa.jpg","type":"image\/jpeg"}],"twitter_card":"summary_large_image","schema":{"@context":"https:\/\/schema.org","@graph":[{"@type":"WebPage","@id":"https:\/\/www.ornament-be.cz\/index.php\/kontakty\/","url":"https:\/\/www.ornament-be.cz\/index.php\/kontakty\/","name":"Kontaktn\u00ed informace - Tvorba ornament\u016f","isPartOf":{"@id":"https:\/\/www.ornament-be.cz\/#website"},"primaryImageOfPage":{"@id":"https:\/\/www.ornament-be.cz\/index.php\/kontakty\/#primaryimage"},"image":{"@id":"https:\/\/www.ornament-be.cz\/index.php\/kontakty\/#primaryimage"},"thumbnailUrl":"https:\/\/www.ornament-be.cz\/wp-content\/uploads\/2023\/07\/mapa.jpg","datePublished":"2023-07-24T16:51:13+00:00","dateModified":"2023-07-25T04:06:24+00:00","breadcrumb":{"@id":"https:\/\/www.ornament-be.cz\/index.php\/kontakty\/#breadcrumb"},"inLanguage":"cs","potentialAction":[{"@type":"ReadAction","target":["https:\/\/www.ornament-be.cz\/index.php\/kontakty\/"]}]},{"@type":"ImageObject","inLanguage":"cs","@id":"https:\/\/www.ornament-be.cz\/index.php\/kontakty\/#primaryimage","url":"https:\/\/www.ornament-be.cz\/wp-content\/uploads\/2023\/07\/mapa.jpg","contentUrl":"https:\/\/www.ornament-be.cz\/wp-content\/uploads\/2023\/07\/mapa.jpg","width":2176,"height":885},{"@type":"BreadcrumbList","@id":"https:\/\/www.ornament-be.cz\/index.php\/kontakty\/#breadcrumb","itemListElement":[{"@type":"ListItem","position":1,"name":"Dom\u016f","item":"https:\/\/www.ornament-be.cz\/"},{"@type":"ListItem","position":2,"name":"Kontaktn\u00ed informace"}]},{"@type":"WebSite","@id":"https:\/\/www.ornament-be.cz\/#website","url":"https:\/\/www.ornament-be.cz\/","name":"Tvorba ornament\u016f","description":"nev\u00e1hejte n\u00e1s kontaktovat","publisher":{"@id":"https:\/\/www.ornament-be.cz\/#organization"},"potentialAction":[{"@type":"SearchAction","target":{"@type":"EntryPoint","urlTemplate":"https:\/\/www.ornament-be.cz\/?s={search_term_string}"},"query-input":{"@type":"PropertyValueSpecification","valueRequired":true,"valueName":"search_term_string"}}],"inLanguage":"cs"},{"@type":"Organization","@id":"https:\/\/www.ornament-be.cz\/#organization","name":"Tvorba ornament\u016f","url":"https:\/\/www.ornament-be.cz\/","logo":{"@type":"ImageObject","inLanguage":"cs","@id":"https:\/\/www.ornament-be.cz\/#\/schema\/logo\/image\/","url":"https:\/\/www.ornament-be.cz\/wp-content\/uploads\/2023\/07\/cropped-110-1107972_floral-ornament-png-blue-ornaments-png.png","contentUrl":"https:\/\/www.ornament-be.cz\/wp-content\/uploads\/2023\/07\/cropped-110-1107972_floral-ornament-png-blue-ornaments-png.png","width":250,"height":250,"caption":"Tvorba ornament\u016f"},"image":{"@id":"https:\/\/www.ornament-be.cz\/#\/schema\/logo\/image\/"}}]}},"jetpack_sharing_enabled":true,"_links":{"self":[{"href":"https:\/\/www.ornament-be.cz\/index.php\/wp-json\/wp\/v2\/pages\/11","targetHints":{"allow":["GET"]}}],"collection":[{"href":"https:\/\/www.ornament-be.cz\/index.php\/wp-json\/wp\/v2\/pages"}],"about":[{"href":"https:\/\/www.ornament-be.cz\/index.php\/wp-json\/wp\/v2\/types\/page"}],"author":[{"embeddable":true,"href":"https:\/\/www.ornament-be.cz\/index.php\/wp-json\/wp\/v2\/users\/1"}],"replies":[{"embeddable":true,"href":"https:\/\/www.ornament-be.cz\/index.php\/wp-json\/wp\/v2\/comments?post=11"}],"version-history":[{"count":4,"href":"https:\/\/www.ornament-be.cz\/index.php\/wp-json\/wp\/v2\/pages\/11\/revisions"}],"predecessor-version":[{"id":69,"href":"https:\/\/www.ornament-be.cz\/index.php\/wp-json\/wp\/v2\/pages\/11\/revisions\/69"}],"wp:featuredmedia":[{"embeddable":true,"href":"https:\/\/www.ornament-be.cz\/index.php\/wp-json\/wp\/v2\/media\/70"}],"wp:attachment":[{"href":"https:\/\/www.ornament-be.cz\/index.php\/wp-json\/wp\/v2\/media?parent=11"}],"curies":[{"name":"wp","href":"https:\/\/api.w.org\/{rel}","templated":true}]}}